{"id":216,"date":"2017-02-21T11:31:00","date_gmt":"2017-02-21T11:31:00","guid":{"rendered":"http:\/\/josephmontanaro.com\/blog\/"},"modified":"2017-02-27T21:52:14","modified_gmt":"2017-02-27T21:52:14","slug":"nouvelles-et-medias","status":"publish","type":"page","link":"https:\/\/josephmontanaro.com\/fr\/nouvelles-et-medias\/","title":{"rendered":"NOUVELLES ET M\u00c9DIAS"},"content":{"rendered":"<p>Les m\u00e9dias font souvent appel \u00e0 Joseph Montanaro parce qu\u2019il conna\u00eet tr\u00e8s bien le march\u00e9 immobilier local et international. On a parl\u00e9 de Joseph et de ses inscriptions dans un grand nombre de m\u00e9dias \u00e0 l\u2019\u00e9chelle mondiale (presse \u00e9crite, Internet, radio et t\u00e9l\u00e9vision).<\/p>\n","protected":false},"excerpt":{"rendered":"<p>Les m\u00e9dias font souvent appel \u00e0 Joseph Montanaro parce qu\u2019il conna\u00eet tr\u00e8s bien le march\u00e9 immobilier local et international. On a parl\u00e9 de Joseph et de ses inscriptions dans un grand nombre de m\u00e9dias \u00e0 l\u2019\u00e9chelle mondiale (presse \u00e9crite, Internet, radio et t\u00e9l\u00e9vision).<\/p>\n","protected":false},"author":1,"featured_media":0,"parent":0,"menu_order":0,"comment_status":"closed","ping_status":"closed","template":"temp-blog.php","meta":{"footnotes":""},"class_list":["post-216","page","type-page","status-publish","hentry"],"acf":[],"yoast_head":"<!-- This site is optimized with the Yoast SEO plugin v27.1.1 - https:\/\/yoast.com\/product\/yoast-seo-wordpress\/ -->\n<title>NOUVELLES ET M\u00c9DIAS - Joseph Montanaro<\/title>\n<meta name=\"robots\" content=\"index, follow, max-snippet:-1, max-image-preview:large, max-video-preview:-1\" \/>\n<link rel=\"canonical\" href=\"https:\/\/josephmontanaro.com\/fr\/nouvelles-et-medias\/\" \/>\n<meta property=\"og:locale\" content=\"fr_FR\" \/>\n<meta property=\"og:type\" content=\"article\" \/>\n<meta property=\"og:title\" content=\"NOUVELLES ET M\u00c9DIAS - Joseph Montanaro\" \/>\n<meta property=\"og:description\" content=\"Les m\u00e9dias font souvent appel \u00e0 Joseph Montanaro parce qu\u2019il conna\u00eet tr\u00e8s bien le march\u00e9 immobilier local et international. On a parl\u00e9 de Joseph et de ses inscriptions dans un grand nombre de m\u00e9dias \u00e0 l\u2019\u00e9chelle mondiale (presse \u00e9crite, Internet, radio et t\u00e9l\u00e9vision).\" \/>\n<meta property=\"og:url\" content=\"https:\/\/josephmontanaro.com\/fr\/nouvelles-et-medias\/\" \/>\n<meta property=\"og:site_name\" content=\"Joseph Montanaro\" \/>\n<meta property=\"article:publisher\" content=\"https:\/\/www.facebook.com\/josephmontanarorealestate\/\" \/>\n<meta property=\"article:modified_time\" content=\"2017-02-27T21:52:14+00:00\" \/>\n<meta name=\"twitter:card\" content=\"summary_large_image\" \/>\n<script type=\"application\/ld+json\" class=\"yoast-schema-graph\">{\"@context\":\"https:\/\/schema.org\",\"@graph\":[{\"@type\":\"WebPage\",\"@id\":\"https:\/\/josephmontanaro.com\/fr\/nouvelles-et-medias\/\",\"url\":\"https:\/\/josephmontanaro.com\/fr\/nouvelles-et-medias\/\",\"name\":\"NOUVELLES ET M\u00c9DIAS - Joseph Montanaro\",\"isPartOf\":{\"@id\":\"https:\/\/josephmontanaro.com\/#website\"},\"datePublished\":\"2017-02-21T11:31:00+00:00\",\"dateModified\":\"2017-02-27T21:52:14+00:00\",\"breadcrumb\":{\"@id\":\"https:\/\/josephmontanaro.com\/fr\/nouvelles-et-medias\/#breadcrumb\"},\"inLanguage\":\"fr-FR\",\"potentialAction\":[{\"@type\":\"ReadAction\",\"target\":[\"https:\/\/josephmontanaro.com\/fr\/nouvelles-et-medias\/\"]}]},{\"@type\":\"BreadcrumbList\",\"@id\":\"https:\/\/josephmontanaro.com\/fr\/nouvelles-et-medias\/#breadcrumb\",\"itemListElement\":[{\"@type\":\"ListItem\",\"position\":1,\"name\":\"Home\",\"item\":\"https:\/\/josephmontanaro.com\/fr\/\"},{\"@type\":\"ListItem\",\"position\":2,\"name\":\"NOUVELLES ET M\u00c9DIAS\"}]},{\"@type\":\"WebSite\",\"@id\":\"https:\/\/josephmontanaro.com\/#website\",\"url\":\"https:\/\/josephmontanaro.com\/\",\"name\":\"Joseph Montanaro\",\"description\":\"Courtier Immobilier\",\"publisher\":{\"@id\":\"https:\/\/josephmontanaro.com\/#organization\"},\"potentialAction\":[{\"@type\":\"SearchAction\",\"target\":{\"@type\":\"EntryPoint\",\"urlTemplate\":\"https:\/\/josephmontanaro.com\/?s={search_term_string}\"},\"query-input\":{\"@type\":\"PropertyValueSpecification\",\"valueRequired\":true,\"valueName\":\"search_term_string\"}}],\"inLanguage\":\"fr-FR\"},{\"@type\":\"Organization\",\"@id\":\"https:\/\/josephmontanaro.com\/#organization\",\"name\":\"Joseph Montanaro\",\"url\":\"https:\/\/josephmontanaro.com\/\",\"logo\":{\"@type\":\"ImageObject\",\"inLanguage\":\"fr-FR\",\"@id\":\"https:\/\/josephmontanaro.com\/#\/schema\/logo\/image\/\",\"url\":\"https:\/\/josephmontanaro.com\/wp-content\/uploads\/2017\/02\/logo-montanaro.png\",\"contentUrl\":\"https:\/\/josephmontanaro.com\/wp-content\/uploads\/2017\/02\/logo-montanaro.png\",\"width\":389,\"height\":52,\"caption\":\"Joseph Montanaro\"},\"image\":{\"@id\":\"https:\/\/josephmontanaro.com\/#\/schema\/logo\/image\/\"},\"sameAs\":[\"https:\/\/www.facebook.com\/josephmontanarorealestate\/\",\"https:\/\/www.instagram.com\/joseph.montanaro\/?hl=en\",\"https:\/\/www.linkedin.com\/in\/joseph-montanaro\/\",\"https:\/\/www.youtube.com\/channel\/UCJ4djaYJxZE4O0-qZuZHsuA?view_as=subscriber\"]}]}<\/script>\n<!-- \/ Yoast SEO plugin. -->","yoast_head_json":{"title":"NOUVELLES ET M\u00c9DIAS - Joseph Montanaro","robots":{"index":"index","follow":"follow","max-snippet":"max-snippet:-1","max-image-preview":"max-image-preview:large","max-video-preview":"max-video-preview:-1"},"canonical":"https:\/\/josephmontanaro.com\/fr\/nouvelles-et-medias\/","og_locale":"fr_FR","og_type":"article","og_title":"NOUVELLES ET M\u00c9DIAS - Joseph Montanaro","og_description":"Les m\u00e9dias font souvent appel \u00e0 Joseph Montanaro parce qu\u2019il conna\u00eet tr\u00e8s bien le march\u00e9 immobilier local et international. On a parl\u00e9 de Joseph et de ses inscriptions dans un grand nombre de m\u00e9dias \u00e0 l\u2019\u00e9chelle mondiale (presse \u00e9crite, Internet, radio et t\u00e9l\u00e9vision).","og_url":"https:\/\/josephmontanaro.com\/fr\/nouvelles-et-medias\/","og_site_name":"Joseph Montanaro","article_publisher":"https:\/\/www.facebook.com\/josephmontanarorealestate\/","article_modified_time":"2017-02-27T21:52:14+00:00","twitter_card":"summary_large_image","schema":{"@context":"https:\/\/schema.org","@graph":[{"@type":"WebPage","@id":"https:\/\/josephmontanaro.com\/fr\/nouvelles-et-medias\/","url":"https:\/\/josephmontanaro.com\/fr\/nouvelles-et-medias\/","name":"NOUVELLES ET M\u00c9DIAS - Joseph Montanaro","isPartOf":{"@id":"https:\/\/josephmontanaro.com\/#website"},"datePublished":"2017-02-21T11:31:00+00:00","dateModified":"2017-02-27T21:52:14+00:00","breadcrumb":{"@id":"https:\/\/josephmontanaro.com\/fr\/nouvelles-et-medias\/#breadcrumb"},"inLanguage":"fr-FR","potentialAction":[{"@type":"ReadAction","target":["https:\/\/josephmontanaro.com\/fr\/nouvelles-et-medias\/"]}]},{"@type":"BreadcrumbList","@id":"https:\/\/josephmontanaro.com\/fr\/nouvelles-et-medias\/#breadcrumb","itemListElement":[{"@type":"ListItem","position":1,"name":"Home","item":"https:\/\/josephmontanaro.com\/fr\/"},{"@type":"ListItem","position":2,"name":"NOUVELLES ET M\u00c9DIAS"}]},{"@type":"WebSite","@id":"https:\/\/josephmontanaro.com\/#website","url":"https:\/\/josephmontanaro.com\/","name":"Joseph Montanaro","description":"Courtier Immobilier","publisher":{"@id":"https:\/\/josephmontanaro.com\/#organization"},"potentialAction":[{"@type":"SearchAction","target":{"@type":"EntryPoint","urlTemplate":"https:\/\/josephmontanaro.com\/?s={search_term_string}"},"query-input":{"@type":"PropertyValueSpecification","valueRequired":true,"valueName":"search_term_string"}}],"inLanguage":"fr-FR"},{"@type":"Organization","@id":"https:\/\/josephmontanaro.com\/#organization","name":"Joseph Montanaro","url":"https:\/\/josephmontanaro.com\/","logo":{"@type":"ImageObject","inLanguage":"fr-FR","@id":"https:\/\/josephmontanaro.com\/#\/schema\/logo\/image\/","url":"https:\/\/josephmontanaro.com\/wp-content\/uploads\/2017\/02\/logo-montanaro.png","contentUrl":"https:\/\/josephmontanaro.com\/wp-content\/uploads\/2017\/02\/logo-montanaro.png","width":389,"height":52,"caption":"Joseph Montanaro"},"image":{"@id":"https:\/\/josephmontanaro.com\/#\/schema\/logo\/image\/"},"sameAs":["https:\/\/www.facebook.com\/josephmontanarorealestate\/","https:\/\/www.instagram.com\/joseph.montanaro\/?hl=en","https:\/\/www.linkedin.com\/in\/joseph-montanaro\/","https:\/\/www.youtube.com\/channel\/UCJ4djaYJxZE4O0-qZuZHsuA?view_as=subscriber"]}]}},"_links":{"self":[{"href":"https:\/\/josephmontanaro.com\/fr\/wp-json\/wp\/v2\/pages\/216","targetHints":{"allow":["GET"]}}],"collection":[{"href":"https:\/\/josephmontanaro.com\/fr\/wp-json\/wp\/v2\/pages"}],"about":[{"href":"https:\/\/josephmontanaro.com\/fr\/wp-json\/wp\/v2\/types\/page"}],"author":[{"embeddable":true,"href":"https:\/\/josephmontanaro.com\/fr\/wp-json\/wp\/v2\/users\/1"}],"replies":[{"embeddable":true,"href":"https:\/\/josephmontanaro.com\/fr\/wp-json\/wp\/v2\/comments?post=216"}],"version-history":[{"count":4,"href":"https:\/\/josephmontanaro.com\/fr\/wp-json\/wp\/v2\/pages\/216\/revisions"}],"predecessor-version":[{"id":471,"href":"https:\/\/josephmontanaro.com\/fr\/wp-json\/wp\/v2\/pages\/216\/revisions\/471"}],"wp:attachment":[{"href":"https:\/\/josephmontanaro.com\/fr\/wp-json\/wp\/v2\/media?parent=216"}],"curies":[{"name":"wp","href":"https:\/\/api.w.org\/{rel}","templated":true}]}}