{"id":224,"date":"2017-02-16T18:21:39","date_gmt":"2017-02-16T18:21:39","guid":{"rendered":"http:\/\/josephmontanaro.com\/significant-sales\/"},"modified":"2021-08-05T20:07:21","modified_gmt":"2021-08-05T20:07:21","slug":"significant-sales","status":"publish","type":"page","link":"https:\/\/josephmontanaro.com\/fr\/significant-sales\/","title":{"rendered":"VENTES DE PREMIER PLAN"},"content":{"rendered":"<p>Joseph Montanaro et son \u00e9quipe tiennent avant tout \u00e0 offrir un service d\u2019une qualit\u00e9 exceptionnelle \u00e0 chacun de leurs clients, quel que soit le prix de la propri\u00e9t\u00e9 en jeu. Cela dit, M.\u00a0Montanaro a eu l\u2019honneur de repr\u00e9senter des acheteurs et des vendeurs de certaines des maisons et de certains des condominiums les plus prestigieux de Montr\u00e9al et de sa r\u00e9gion. Vous trouverez \u00e0 droite des exemples des ventes les plus marquantes qu\u2019il a \u00e0 son actif \u00e0 ce jour.<\/p>\n","protected":false},"excerpt":{"rendered":"<p>Joseph Montanaro et son \u00e9quipe tiennent avant tout \u00e0 offrir un service d\u2019une qualit\u00e9 exceptionnelle \u00e0 chacun de leurs clients, quel que soit le prix de la propri\u00e9t\u00e9 en jeu. Cela dit, M.\u00a0Montanaro a eu l\u2019honneur de repr\u00e9senter des acheteurs et des vendeurs de certaines des maisons et de certains des condominiums les plus prestigieux [&hellip;]<\/p>\n","protected":false},"author":1,"featured_media":0,"parent":0,"menu_order":0,"comment_status":"closed","ping_status":"closed","template":"temp-significant.php","meta":{"footnotes":""},"class_list":["post-224","page","type-page","status-publish","hentry"],"acf":[],"yoast_head":"<!-- This site is optimized with the Yoast SEO plugin v27.1.1 - https:\/\/yoast.com\/product\/yoast-seo-wordpress\/ -->\n<title>VENTES DE PREMIER PLAN - Joseph Montanaro<\/title>\n<meta name=\"robots\" content=\"index, follow, max-snippet:-1, max-image-preview:large, max-video-preview:-1\" \/>\n<link rel=\"canonical\" href=\"https:\/\/josephmontanaro.com\/fr\/significant-sales\/\" \/>\n<meta property=\"og:locale\" content=\"fr_FR\" \/>\n<meta property=\"og:type\" content=\"article\" \/>\n<meta property=\"og:title\" content=\"VENTES DE PREMIER PLAN - Joseph Montanaro\" \/>\n<meta property=\"og:description\" content=\"Joseph Montanaro et son \u00e9quipe tiennent avant tout \u00e0 offrir un service d\u2019une qualit\u00e9 exceptionnelle \u00e0 chacun de leurs clients, quel que soit le prix de la propri\u00e9t\u00e9 en jeu. Cela dit, M.\u00a0Montanaro a eu l\u2019honneur de repr\u00e9senter des acheteurs et des vendeurs de certaines des maisons et de certains des condominiums les plus prestigieux [&hellip;]\" \/>\n<meta property=\"og:url\" content=\"https:\/\/josephmontanaro.com\/fr\/significant-sales\/\" \/>\n<meta property=\"og:site_name\" content=\"Joseph Montanaro\" \/>\n<meta property=\"article:publisher\" content=\"https:\/\/www.facebook.com\/josephmontanarorealestate\/\" \/>\n<meta property=\"article:modified_time\" content=\"2021-08-05T20:07:21+00:00\" \/>\n<meta name=\"twitter:card\" content=\"summary_large_image\" \/>\n<meta name=\"twitter:label1\" content=\"Dur\u00e9e de lecture estim\u00e9e\" \/>\n\t<meta name=\"twitter:data1\" content=\"1 minute\" \/>\n<script type=\"application\/ld+json\" class=\"yoast-schema-graph\">{\"@context\":\"https:\/\/schema.org\",\"@graph\":[{\"@type\":\"WebPage\",\"@id\":\"https:\/\/josephmontanaro.com\/fr\/significant-sales\/\",\"url\":\"https:\/\/josephmontanaro.com\/fr\/significant-sales\/\",\"name\":\"VENTES DE PREMIER PLAN - Joseph Montanaro\",\"isPartOf\":{\"@id\":\"https:\/\/josephmontanaro.com\/#website\"},\"datePublished\":\"2017-02-16T18:21:39+00:00\",\"dateModified\":\"2021-08-05T20:07:21+00:00\",\"breadcrumb\":{\"@id\":\"https:\/\/josephmontanaro.com\/fr\/significant-sales\/#breadcrumb\"},\"inLanguage\":\"fr-FR\",\"potentialAction\":[{\"@type\":\"ReadAction\",\"target\":[\"https:\/\/josephmontanaro.com\/fr\/significant-sales\/\"]}]},{\"@type\":\"BreadcrumbList\",\"@id\":\"https:\/\/josephmontanaro.com\/fr\/significant-sales\/#breadcrumb\",\"itemListElement\":[{\"@type\":\"ListItem\",\"position\":1,\"name\":\"Home\",\"item\":\"https:\/\/josephmontanaro.com\/fr\/\"},{\"@type\":\"ListItem\",\"position\":2,\"name\":\"VENTES DE PREMIER PLAN\"}]},{\"@type\":\"WebSite\",\"@id\":\"https:\/\/josephmontanaro.com\/#website\",\"url\":\"https:\/\/josephmontanaro.com\/\",\"name\":\"Joseph Montanaro\",\"description\":\"Courtier Immobilier\",\"publisher\":{\"@id\":\"https:\/\/josephmontanaro.com\/#organization\"},\"potentialAction\":[{\"@type\":\"SearchAction\",\"target\":{\"@type\":\"EntryPoint\",\"urlTemplate\":\"https:\/\/josephmontanaro.com\/?s={search_term_string}\"},\"query-input\":{\"@type\":\"PropertyValueSpecification\",\"valueRequired\":true,\"valueName\":\"search_term_string\"}}],\"inLanguage\":\"fr-FR\"},{\"@type\":\"Organization\",\"@id\":\"https:\/\/josephmontanaro.com\/#organization\",\"name\":\"Joseph Montanaro\",\"url\":\"https:\/\/josephmontanaro.com\/\",\"logo\":{\"@type\":\"ImageObject\",\"inLanguage\":\"fr-FR\",\"@id\":\"https:\/\/josephmontanaro.com\/#\/schema\/logo\/image\/\",\"url\":\"https:\/\/josephmontanaro.com\/wp-content\/uploads\/2017\/02\/logo-montanaro.png\",\"contentUrl\":\"https:\/\/josephmontanaro.com\/wp-content\/uploads\/2017\/02\/logo-montanaro.png\",\"width\":389,\"height\":52,\"caption\":\"Joseph Montanaro\"},\"image\":{\"@id\":\"https:\/\/josephmontanaro.com\/#\/schema\/logo\/image\/\"},\"sameAs\":[\"https:\/\/www.facebook.com\/josephmontanarorealestate\/\",\"https:\/\/www.instagram.com\/joseph.montanaro\/?hl=en\",\"https:\/\/www.linkedin.com\/in\/joseph-montanaro\/\",\"https:\/\/www.youtube.com\/channel\/UCJ4djaYJxZE4O0-qZuZHsuA?view_as=subscriber\"]}]}<\/script>\n<!-- \/ Yoast SEO plugin. -->","yoast_head_json":{"title":"VENTES DE PREMIER PLAN - Joseph Montanaro","robots":{"index":"index","follow":"follow","max-snippet":"max-snippet:-1","max-image-preview":"max-image-preview:large","max-video-preview":"max-video-preview:-1"},"canonical":"https:\/\/josephmontanaro.com\/fr\/significant-sales\/","og_locale":"fr_FR","og_type":"article","og_title":"VENTES DE PREMIER PLAN - Joseph Montanaro","og_description":"Joseph Montanaro et son \u00e9quipe tiennent avant tout \u00e0 offrir un service d\u2019une qualit\u00e9 exceptionnelle \u00e0 chacun de leurs clients, quel que soit le prix de la propri\u00e9t\u00e9 en jeu. Cela dit, M.\u00a0Montanaro a eu l\u2019honneur de repr\u00e9senter des acheteurs et des vendeurs de certaines des maisons et de certains des condominiums les plus prestigieux [&hellip;]","og_url":"https:\/\/josephmontanaro.com\/fr\/significant-sales\/","og_site_name":"Joseph Montanaro","article_publisher":"https:\/\/www.facebook.com\/josephmontanarorealestate\/","article_modified_time":"2021-08-05T20:07:21+00:00","twitter_card":"summary_large_image","twitter_misc":{"Dur\u00e9e de lecture estim\u00e9e":"1 minute"},"schema":{"@context":"https:\/\/schema.org","@graph":[{"@type":"WebPage","@id":"https:\/\/josephmontanaro.com\/fr\/significant-sales\/","url":"https:\/\/josephmontanaro.com\/fr\/significant-sales\/","name":"VENTES DE PREMIER PLAN - Joseph Montanaro","isPartOf":{"@id":"https:\/\/josephmontanaro.com\/#website"},"datePublished":"2017-02-16T18:21:39+00:00","dateModified":"2021-08-05T20:07:21+00:00","breadcrumb":{"@id":"https:\/\/josephmontanaro.com\/fr\/significant-sales\/#breadcrumb"},"inLanguage":"fr-FR","potentialAction":[{"@type":"ReadAction","target":["https:\/\/josephmontanaro.com\/fr\/significant-sales\/"]}]},{"@type":"BreadcrumbList","@id":"https:\/\/josephmontanaro.com\/fr\/significant-sales\/#breadcrumb","itemListElement":[{"@type":"ListItem","position":1,"name":"Home","item":"https:\/\/josephmontanaro.com\/fr\/"},{"@type":"ListItem","position":2,"name":"VENTES DE PREMIER PLAN"}]},{"@type":"WebSite","@id":"https:\/\/josephmontanaro.com\/#website","url":"https:\/\/josephmontanaro.com\/","name":"Joseph Montanaro","description":"Courtier Immobilier","publisher":{"@id":"https:\/\/josephmontanaro.com\/#organization"},"potentialAction":[{"@type":"SearchAction","target":{"@type":"EntryPoint","urlTemplate":"https:\/\/josephmontanaro.com\/?s={search_term_string}"},"query-input":{"@type":"PropertyValueSpecification","valueRequired":true,"valueName":"search_term_string"}}],"inLanguage":"fr-FR"},{"@type":"Organization","@id":"https:\/\/josephmontanaro.com\/#organization","name":"Joseph Montanaro","url":"https:\/\/josephmontanaro.com\/","logo":{"@type":"ImageObject","inLanguage":"fr-FR","@id":"https:\/\/josephmontanaro.com\/#\/schema\/logo\/image\/","url":"https:\/\/josephmontanaro.com\/wp-content\/uploads\/2017\/02\/logo-montanaro.png","contentUrl":"https:\/\/josephmontanaro.com\/wp-content\/uploads\/2017\/02\/logo-montanaro.png","width":389,"height":52,"caption":"Joseph Montanaro"},"image":{"@id":"https:\/\/josephmontanaro.com\/#\/schema\/logo\/image\/"},"sameAs":["https:\/\/www.facebook.com\/josephmontanarorealestate\/","https:\/\/www.instagram.com\/joseph.montanaro\/?hl=en","https:\/\/www.linkedin.com\/in\/joseph-montanaro\/","https:\/\/www.youtube.com\/channel\/UCJ4djaYJxZE4O0-qZuZHsuA?view_as=subscriber"]}]}},"_links":{"self":[{"href":"https:\/\/josephmontanaro.com\/fr\/wp-json\/wp\/v2\/pages\/224","targetHints":{"allow":["GET"]}}],"collection":[{"href":"https:\/\/josephmontanaro.com\/fr\/wp-json\/wp\/v2\/pages"}],"about":[{"href":"https:\/\/josephmontanaro.com\/fr\/wp-json\/wp\/v2\/types\/page"}],"author":[{"embeddable":true,"href":"https:\/\/josephmontanaro.com\/fr\/wp-json\/wp\/v2\/users\/1"}],"replies":[{"embeddable":true,"href":"https:\/\/josephmontanaro.com\/fr\/wp-json\/wp\/v2\/comments?post=224"}],"version-history":[{"count":19,"href":"https:\/\/josephmontanaro.com\/fr\/wp-json\/wp\/v2\/pages\/224\/revisions"}],"predecessor-version":[{"id":2496,"href":"https:\/\/josephmontanaro.com\/fr\/wp-json\/wp\/v2\/pages\/224\/revisions\/2496"}],"wp:attachment":[{"href":"https:\/\/josephmontanaro.com\/fr\/wp-json\/wp\/v2\/media?parent=224"}],"curies":[{"name":"wp","href":"https:\/\/api.w.org\/{rel}","templated":true}]}}