{"id":226,"date":"2017-02-21T16:09:35","date_gmt":"2017-02-21T16:09:35","guid":{"rendered":"http:\/\/josephmontanaro.com\/thank-you\/"},"modified":"2017-04-13T10:06:39","modified_gmt":"2017-04-13T10:06:39","slug":"thank-you-signup","status":"publish","type":"page","link":"https:\/\/josephmontanaro.com\/fr\/thank-you-signup\/","title":{"rendered":"MERCI"},"content":{"rendered":"<p>Je vous remercie de vous \u00eatre inscrit \u00e0 mon bulletin. Il vous permettra d\u2019avoir les derni\u00e8res nouvelles \u00e0 propos du march\u00e9 immobilier et de mes nouvelles inscriptions exclusives.<\/p>\n<p><a href=\"http:\/\/josephmontanaro.com\/fr\/contact\/\">Retour \u00e0 la page Coordonn\u00e9es &gt;<\/a><\/p>\n","protected":false},"excerpt":{"rendered":"<p>Je vous remercie de vous \u00eatre inscrit \u00e0 mon bulletin. Il vous permettra d\u2019avoir les derni\u00e8res nouvelles \u00e0 propos du march\u00e9 immobilier et de mes nouvelles inscriptions exclusives. Retour \u00e0 la page Coordonn\u00e9es &gt;<\/p>\n","protected":false},"author":1,"featured_media":0,"parent":0,"menu_order":0,"comment_status":"closed","ping_status":"closed","template":"","meta":{"footnotes":""},"class_list":["post-226","page","type-page","status-publish","hentry"],"acf":[],"yoast_head":"<!-- This site is optimized with the Yoast SEO plugin v27.1.1 - https:\/\/yoast.com\/product\/yoast-seo-wordpress\/ -->\n<title>MERCI - Joseph Montanaro<\/title>\n<meta name=\"robots\" content=\"index, follow, max-snippet:-1, max-image-preview:large, max-video-preview:-1\" \/>\n<link rel=\"canonical\" href=\"https:\/\/josephmontanaro.com\/fr\/thank-you-signup\/\" \/>\n<meta property=\"og:locale\" content=\"fr_FR\" \/>\n<meta property=\"og:type\" content=\"article\" \/>\n<meta property=\"og:title\" content=\"MERCI - Joseph Montanaro\" \/>\n<meta property=\"og:description\" content=\"Je vous remercie de vous \u00eatre inscrit \u00e0 mon bulletin. Il vous permettra d\u2019avoir les derni\u00e8res nouvelles \u00e0 propos du march\u00e9 immobilier et de mes nouvelles inscriptions exclusives. Retour \u00e0 la page Coordonn\u00e9es &gt;\" \/>\n<meta property=\"og:url\" content=\"https:\/\/josephmontanaro.com\/fr\/thank-you-signup\/\" \/>\n<meta property=\"og:site_name\" content=\"Joseph Montanaro\" \/>\n<meta property=\"article:publisher\" content=\"https:\/\/www.facebook.com\/josephmontanarorealestate\/\" \/>\n<meta property=\"article:modified_time\" content=\"2017-04-13T10:06:39+00:00\" \/>\n<meta name=\"twitter:card\" content=\"summary_large_image\" \/>\n<script type=\"application\/ld+json\" class=\"yoast-schema-graph\">{\"@context\":\"https:\/\/schema.org\",\"@graph\":[{\"@type\":\"WebPage\",\"@id\":\"https:\/\/josephmontanaro.com\/fr\/thank-you-signup\/\",\"url\":\"https:\/\/josephmontanaro.com\/fr\/thank-you-signup\/\",\"name\":\"MERCI - Joseph Montanaro\",\"isPartOf\":{\"@id\":\"https:\/\/josephmontanaro.com\/#website\"},\"datePublished\":\"2017-02-21T16:09:35+00:00\",\"dateModified\":\"2017-04-13T10:06:39+00:00\",\"breadcrumb\":{\"@id\":\"https:\/\/josephmontanaro.com\/fr\/thank-you-signup\/#breadcrumb\"},\"inLanguage\":\"fr-FR\",\"potentialAction\":[{\"@type\":\"ReadAction\",\"target\":[\"https:\/\/josephmontanaro.com\/fr\/thank-you-signup\/\"]}]},{\"@type\":\"BreadcrumbList\",\"@id\":\"https:\/\/josephmontanaro.com\/fr\/thank-you-signup\/#breadcrumb\",\"itemListElement\":[{\"@type\":\"ListItem\",\"position\":1,\"name\":\"Home\",\"item\":\"https:\/\/josephmontanaro.com\/fr\/\"},{\"@type\":\"ListItem\",\"position\":2,\"name\":\"MERCI\"}]},{\"@type\":\"WebSite\",\"@id\":\"https:\/\/josephmontanaro.com\/#website\",\"url\":\"https:\/\/josephmontanaro.com\/\",\"name\":\"Joseph Montanaro\",\"description\":\"Courtier Immobilier\",\"publisher\":{\"@id\":\"https:\/\/josephmontanaro.com\/#organization\"},\"potentialAction\":[{\"@type\":\"SearchAction\",\"target\":{\"@type\":\"EntryPoint\",\"urlTemplate\":\"https:\/\/josephmontanaro.com\/?s={search_term_string}\"},\"query-input\":{\"@type\":\"PropertyValueSpecification\",\"valueRequired\":true,\"valueName\":\"search_term_string\"}}],\"inLanguage\":\"fr-FR\"},{\"@type\":\"Organization\",\"@id\":\"https:\/\/josephmontanaro.com\/#organization\",\"name\":\"Joseph Montanaro\",\"url\":\"https:\/\/josephmontanaro.com\/\",\"logo\":{\"@type\":\"ImageObject\",\"inLanguage\":\"fr-FR\",\"@id\":\"https:\/\/josephmontanaro.com\/#\/schema\/logo\/image\/\",\"url\":\"https:\/\/josephmontanaro.com\/wp-content\/uploads\/2017\/02\/logo-montanaro.png\",\"contentUrl\":\"https:\/\/josephmontanaro.com\/wp-content\/uploads\/2017\/02\/logo-montanaro.png\",\"width\":389,\"height\":52,\"caption\":\"Joseph Montanaro\"},\"image\":{\"@id\":\"https:\/\/josephmontanaro.com\/#\/schema\/logo\/image\/\"},\"sameAs\":[\"https:\/\/www.facebook.com\/josephmontanarorealestate\/\",\"https:\/\/www.instagram.com\/joseph.montanaro\/?hl=en\",\"https:\/\/www.linkedin.com\/in\/joseph-montanaro\/\",\"https:\/\/www.youtube.com\/channel\/UCJ4djaYJxZE4O0-qZuZHsuA?view_as=subscriber\"]}]}<\/script>\n<!-- \/ Yoast SEO plugin. -->","yoast_head_json":{"title":"MERCI - Joseph Montanaro","robots":{"index":"index","follow":"follow","max-snippet":"max-snippet:-1","max-image-preview":"max-image-preview:large","max-video-preview":"max-video-preview:-1"},"canonical":"https:\/\/josephmontanaro.com\/fr\/thank-you-signup\/","og_locale":"fr_FR","og_type":"article","og_title":"MERCI - Joseph Montanaro","og_description":"Je vous remercie de vous \u00eatre inscrit \u00e0 mon bulletin. Il vous permettra d\u2019avoir les derni\u00e8res nouvelles \u00e0 propos du march\u00e9 immobilier et de mes nouvelles inscriptions exclusives. Retour \u00e0 la page Coordonn\u00e9es &gt;","og_url":"https:\/\/josephmontanaro.com\/fr\/thank-you-signup\/","og_site_name":"Joseph Montanaro","article_publisher":"https:\/\/www.facebook.com\/josephmontanarorealestate\/","article_modified_time":"2017-04-13T10:06:39+00:00","twitter_card":"summary_large_image","schema":{"@context":"https:\/\/schema.org","@graph":[{"@type":"WebPage","@id":"https:\/\/josephmontanaro.com\/fr\/thank-you-signup\/","url":"https:\/\/josephmontanaro.com\/fr\/thank-you-signup\/","name":"MERCI - Joseph Montanaro","isPartOf":{"@id":"https:\/\/josephmontanaro.com\/#website"},"datePublished":"2017-02-21T16:09:35+00:00","dateModified":"2017-04-13T10:06:39+00:00","breadcrumb":{"@id":"https:\/\/josephmontanaro.com\/fr\/thank-you-signup\/#breadcrumb"},"inLanguage":"fr-FR","potentialAction":[{"@type":"ReadAction","target":["https:\/\/josephmontanaro.com\/fr\/thank-you-signup\/"]}]},{"@type":"BreadcrumbList","@id":"https:\/\/josephmontanaro.com\/fr\/thank-you-signup\/#breadcrumb","itemListElement":[{"@type":"ListItem","position":1,"name":"Home","item":"https:\/\/josephmontanaro.com\/fr\/"},{"@type":"ListItem","position":2,"name":"MERCI"}]},{"@type":"WebSite","@id":"https:\/\/josephmontanaro.com\/#website","url":"https:\/\/josephmontanaro.com\/","name":"Joseph Montanaro","description":"Courtier Immobilier","publisher":{"@id":"https:\/\/josephmontanaro.com\/#organization"},"potentialAction":[{"@type":"SearchAction","target":{"@type":"EntryPoint","urlTemplate":"https:\/\/josephmontanaro.com\/?s={search_term_string}"},"query-input":{"@type":"PropertyValueSpecification","valueRequired":true,"valueName":"search_term_string"}}],"inLanguage":"fr-FR"},{"@type":"Organization","@id":"https:\/\/josephmontanaro.com\/#organization","name":"Joseph Montanaro","url":"https:\/\/josephmontanaro.com\/","logo":{"@type":"ImageObject","inLanguage":"fr-FR","@id":"https:\/\/josephmontanaro.com\/#\/schema\/logo\/image\/","url":"https:\/\/josephmontanaro.com\/wp-content\/uploads\/2017\/02\/logo-montanaro.png","contentUrl":"https:\/\/josephmontanaro.com\/wp-content\/uploads\/2017\/02\/logo-montanaro.png","width":389,"height":52,"caption":"Joseph Montanaro"},"image":{"@id":"https:\/\/josephmontanaro.com\/#\/schema\/logo\/image\/"},"sameAs":["https:\/\/www.facebook.com\/josephmontanarorealestate\/","https:\/\/www.instagram.com\/joseph.montanaro\/?hl=en","https:\/\/www.linkedin.com\/in\/joseph-montanaro\/","https:\/\/www.youtube.com\/channel\/UCJ4djaYJxZE4O0-qZuZHsuA?view_as=subscriber"]}]}},"_links":{"self":[{"href":"https:\/\/josephmontanaro.com\/fr\/wp-json\/wp\/v2\/pages\/226","targetHints":{"allow":["GET"]}}],"collection":[{"href":"https:\/\/josephmontanaro.com\/fr\/wp-json\/wp\/v2\/pages"}],"about":[{"href":"https:\/\/josephmontanaro.com\/fr\/wp-json\/wp\/v2\/types\/page"}],"author":[{"embeddable":true,"href":"https:\/\/josephmontanaro.com\/fr\/wp-json\/wp\/v2\/users\/1"}],"replies":[{"embeddable":true,"href":"https:\/\/josephmontanaro.com\/fr\/wp-json\/wp\/v2\/comments?post=226"}],"version-history":[{"count":2,"href":"https:\/\/josephmontanaro.com\/fr\/wp-json\/wp\/v2\/pages\/226\/revisions"}],"predecessor-version":[{"id":352,"href":"https:\/\/josephmontanaro.com\/fr\/wp-json\/wp\/v2\/pages\/226\/revisions\/352"}],"wp:attachment":[{"href":"https:\/\/josephmontanaro.com\/fr\/wp-json\/wp\/v2\/media?parent=226"}],"curies":[{"name":"wp","href":"https:\/\/api.w.org\/{rel}","templated":true}]}}