{"id":229,"date":"2017-02-02T18:59:34","date_gmt":"2017-02-02T18:59:34","guid":{"rendered":"http:\/\/josephmontanaro.com\/about\/"},"modified":"2025-10-30T21:47:19","modified_gmt":"2025-10-30T21:47:19","slug":"about-joseph","status":"publish","type":"page","link":"https:\/\/josephmontanaro.com\/fr\/about-joseph\/","title":{"rendered":"\u00c0 PROPOS DE JOSEPH MONTANARO"},"content":{"rendered":"<ul>\n<li>Plus de <b>2.6 milliard $ <\/b>en volume de ventes depuis 2008<\/li>\n<li>Plus de <b>200 000 000 $<\/b> en volume de ventes en 2017, 2018, 2019, 2020, 2021, 2022, 2023, 2024 et 2025<\/li>\n<li><b>Plus haute vente de tout les temps au Qu\u00e9bec et \u00e0 Westmount*<\/b><\/li>\n<li><b>Plus haute vente \u00e0 Westmount en 2018, 2019, 2021, 2022, 2023, 2024**<\/b><\/li>\n<li>Class\u00e9 comme l\u2019un des <b>meilleurs courtiers immobiliers de luxe au Canada<\/b> depuis plus de 15 ans<\/li>\n<li>L\u2019un des courtiers les plus prolifiques \u00e0 Westmount, Ville-Marie (Montr\u00e9al), Outremont, Ville Mont-Royal, le West-Island et les Laurentides<\/li>\n<li>\u00c9quipe qualifi\u00e9e et d\u00e9vou\u00e9e de courtiers immobiliers et de personnel administratif repr\u00e9sentant les acheteurs et les vendeurs<\/li>\n<li>A pratiqu\u00e9 l\u2019architecture \u00e0 New York pendant plus de 10 ans pour certaines des plus grandes firmes de la ville<\/li>\n<\/ul>\n<h6>\u00a0 \u00a0 \u00a0 \u00a0 \u00a0 \u00a0 \u00a0* Repr\u00e9sentation de l&#8217;acheteur<\/h6>\n<h6>\u00a0 \u00a0 \u00a0 \u00a0 \u00a0 \u00a0 \u00a0* *Selon Centris, y compris les ventes exclusives \u00a0et les repr\u00e9sentations d&#8217;acheteurs<\/h6>\n","protected":false},"excerpt":{"rendered":"<p>Plus de 2.6 milliard $ en volume de ventes depuis 2008 Plus de 200 000 000 $ en volume de ventes en 2017, 2018, 2019, 2020, 2021, 2022, 2023, 2024 et 2025 Plus haute vente de tout les temps au Qu\u00e9bec et \u00e0 Westmount* Plus haute vente \u00e0 Westmount en 2018, 2019, 2021, 2022, 2023, [&hellip;]<\/p>\n","protected":false},"author":1,"featured_media":2897,"parent":0,"menu_order":0,"comment_status":"closed","ping_status":"closed","template":"temp-about.php","meta":{"footnotes":""},"class_list":["post-229","page","type-page","status-publish","has-post-thumbnail","hentry"],"acf":[],"yoast_head":"<!-- This site is optimized with the Yoast SEO plugin v27.1.1 - https:\/\/yoast.com\/product\/yoast-seo-wordpress\/ -->\n<title>Real Estate Broker Westmount - About Joseph Montanaro<\/title>\n<meta name=\"description\" content=\"Joseph Montanaro is an active broker representing Buyers and Sellers of high-end Real Estate focusing on Westmount and greater Montreal.\" \/>\n<meta name=\"robots\" content=\"index, follow, max-snippet:-1, max-image-preview:large, max-video-preview:-1\" \/>\n<link rel=\"canonical\" href=\"https:\/\/josephmontanaro.com\/fr\/about-joseph\/\" \/>\n<meta property=\"og:locale\" content=\"fr_FR\" \/>\n<meta property=\"og:type\" content=\"article\" \/>\n<meta property=\"og:title\" content=\"Real Estate Broker Westmount - About Joseph Montanaro\" \/>\n<meta property=\"og:description\" content=\"Joseph Montanaro is an active broker representing Buyers and Sellers of high-end Real Estate focusing on Westmount and greater Montreal.\" \/>\n<meta property=\"og:url\" content=\"https:\/\/josephmontanaro.com\/fr\/about-joseph\/\" \/>\n<meta property=\"og:site_name\" content=\"Joseph Montanaro\" \/>\n<meta property=\"article:publisher\" content=\"https:\/\/www.facebook.com\/josephmontanarorealestate\/\" \/>\n<meta property=\"article:modified_time\" content=\"2025-10-30T21:47:19+00:00\" \/>\n<meta property=\"og:image\" content=\"https:\/\/josephmontanaro.com\/wp-content\/uploads\/2023\/09\/Joseph_Montanaro_0202-Edit5x7-min-scaled.jpg\" \/>\n\t<meta property=\"og:image:width\" content=\"1829\" \/>\n\t<meta property=\"og:image:height\" content=\"2560\" \/>\n\t<meta property=\"og:image:type\" content=\"image\/jpeg\" \/>\n<meta name=\"twitter:card\" content=\"summary_large_image\" \/>\n<meta name=\"twitter:label1\" content=\"Dur\u00e9e de lecture estim\u00e9e\" \/>\n\t<meta name=\"twitter:data1\" content=\"1 minute\" \/>\n<script type=\"application\/ld+json\" class=\"yoast-schema-graph\">{\"@context\":\"https:\/\/schema.org\",\"@graph\":[{\"@type\":\"WebPage\",\"@id\":\"https:\/\/josephmontanaro.com\/fr\/about-joseph\/\",\"url\":\"https:\/\/josephmontanaro.com\/fr\/about-joseph\/\",\"name\":\"Real Estate Broker Westmount - About Joseph Montanaro\",\"isPartOf\":{\"@id\":\"https:\/\/josephmontanaro.com\/#website\"},\"primaryImageOfPage\":{\"@id\":\"https:\/\/josephmontanaro.com\/fr\/about-joseph\/#primaryimage\"},\"image\":{\"@id\":\"https:\/\/josephmontanaro.com\/fr\/about-joseph\/#primaryimage\"},\"thumbnailUrl\":\"https:\/\/josephmontanaro.com\/wp-content\/uploads\/2023\/09\/Joseph_Montanaro_0202-Edit5x7-min-scaled.jpg\",\"datePublished\":\"2017-02-02T18:59:34+00:00\",\"dateModified\":\"2025-10-30T21:47:19+00:00\",\"description\":\"Joseph Montanaro is an active broker representing Buyers and Sellers of high-end Real Estate focusing on Westmount and greater Montreal.\",\"breadcrumb\":{\"@id\":\"https:\/\/josephmontanaro.com\/fr\/about-joseph\/#breadcrumb\"},\"inLanguage\":\"fr-FR\",\"potentialAction\":[{\"@type\":\"ReadAction\",\"target\":[\"https:\/\/josephmontanaro.com\/fr\/about-joseph\/\"]}]},{\"@type\":\"ImageObject\",\"inLanguage\":\"fr-FR\",\"@id\":\"https:\/\/josephmontanaro.com\/fr\/about-joseph\/#primaryimage\",\"url\":\"https:\/\/josephmontanaro.com\/wp-content\/uploads\/2023\/09\/Joseph_Montanaro_0202-Edit5x7-min-scaled.jpg\",\"contentUrl\":\"https:\/\/josephmontanaro.com\/wp-content\/uploads\/2023\/09\/Joseph_Montanaro_0202-Edit5x7-min-scaled.jpg\",\"width\":1829,\"height\":2560},{\"@type\":\"BreadcrumbList\",\"@id\":\"https:\/\/josephmontanaro.com\/fr\/about-joseph\/#breadcrumb\",\"itemListElement\":[{\"@type\":\"ListItem\",\"position\":1,\"name\":\"Home\",\"item\":\"https:\/\/josephmontanaro.com\/fr\/\"},{\"@type\":\"ListItem\",\"position\":2,\"name\":\"\u00c0 PROPOS DE JOSEPH MONTANARO\"}]},{\"@type\":\"WebSite\",\"@id\":\"https:\/\/josephmontanaro.com\/#website\",\"url\":\"https:\/\/josephmontanaro.com\/\",\"name\":\"Joseph Montanaro\",\"description\":\"Courtier Immobilier\",\"publisher\":{\"@id\":\"https:\/\/josephmontanaro.com\/#organization\"},\"potentialAction\":[{\"@type\":\"SearchAction\",\"target\":{\"@type\":\"EntryPoint\",\"urlTemplate\":\"https:\/\/josephmontanaro.com\/?s={search_term_string}\"},\"query-input\":{\"@type\":\"PropertyValueSpecification\",\"valueRequired\":true,\"valueName\":\"search_term_string\"}}],\"inLanguage\":\"fr-FR\"},{\"@type\":\"Organization\",\"@id\":\"https:\/\/josephmontanaro.com\/#organization\",\"name\":\"Joseph Montanaro\",\"url\":\"https:\/\/josephmontanaro.com\/\",\"logo\":{\"@type\":\"ImageObject\",\"inLanguage\":\"fr-FR\",\"@id\":\"https:\/\/josephmontanaro.com\/#\/schema\/logo\/image\/\",\"url\":\"https:\/\/josephmontanaro.com\/wp-content\/uploads\/2017\/02\/logo-montanaro.png\",\"contentUrl\":\"https:\/\/josephmontanaro.com\/wp-content\/uploads\/2017\/02\/logo-montanaro.png\",\"width\":389,\"height\":52,\"caption\":\"Joseph Montanaro\"},\"image\":{\"@id\":\"https:\/\/josephmontanaro.com\/#\/schema\/logo\/image\/\"},\"sameAs\":[\"https:\/\/www.facebook.com\/josephmontanarorealestate\/\",\"https:\/\/www.instagram.com\/joseph.montanaro\/?hl=en\",\"https:\/\/www.linkedin.com\/in\/joseph-montanaro\/\",\"https:\/\/www.youtube.com\/channel\/UCJ4djaYJxZE4O0-qZuZHsuA?view_as=subscriber\"]}]}<\/script>\n<!-- \/ Yoast SEO plugin. -->","yoast_head_json":{"title":"Real Estate Broker Westmount - About Joseph Montanaro","description":"Joseph Montanaro is an active broker representing Buyers and Sellers of high-end Real Estate focusing on Westmount and greater Montreal.","robots":{"index":"index","follow":"follow","max-snippet":"max-snippet:-1","max-image-preview":"max-image-preview:large","max-video-preview":"max-video-preview:-1"},"canonical":"https:\/\/josephmontanaro.com\/fr\/about-joseph\/","og_locale":"fr_FR","og_type":"article","og_title":"Real Estate Broker Westmount - About Joseph Montanaro","og_description":"Joseph Montanaro is an active broker representing Buyers and Sellers of high-end Real Estate focusing on Westmount and greater Montreal.","og_url":"https:\/\/josephmontanaro.com\/fr\/about-joseph\/","og_site_name":"Joseph Montanaro","article_publisher":"https:\/\/www.facebook.com\/josephmontanarorealestate\/","article_modified_time":"2025-10-30T21:47:19+00:00","og_image":[{"width":1829,"height":2560,"url":"https:\/\/josephmontanaro.com\/wp-content\/uploads\/2023\/09\/Joseph_Montanaro_0202-Edit5x7-min-scaled.jpg","type":"image\/jpeg"}],"twitter_card":"summary_large_image","twitter_misc":{"Dur\u00e9e de lecture estim\u00e9e":"1 minute"},"schema":{"@context":"https:\/\/schema.org","@graph":[{"@type":"WebPage","@id":"https:\/\/josephmontanaro.com\/fr\/about-joseph\/","url":"https:\/\/josephmontanaro.com\/fr\/about-joseph\/","name":"Real Estate Broker Westmount - About Joseph Montanaro","isPartOf":{"@id":"https:\/\/josephmontanaro.com\/#website"},"primaryImageOfPage":{"@id":"https:\/\/josephmontanaro.com\/fr\/about-joseph\/#primaryimage"},"image":{"@id":"https:\/\/josephmontanaro.com\/fr\/about-joseph\/#primaryimage"},"thumbnailUrl":"https:\/\/josephmontanaro.com\/wp-content\/uploads\/2023\/09\/Joseph_Montanaro_0202-Edit5x7-min-scaled.jpg","datePublished":"2017-02-02T18:59:34+00:00","dateModified":"2025-10-30T21:47:19+00:00","description":"Joseph Montanaro is an active broker representing Buyers and Sellers of high-end Real Estate focusing on Westmount and greater Montreal.","breadcrumb":{"@id":"https:\/\/josephmontanaro.com\/fr\/about-joseph\/#breadcrumb"},"inLanguage":"fr-FR","potentialAction":[{"@type":"ReadAction","target":["https:\/\/josephmontanaro.com\/fr\/about-joseph\/"]}]},{"@type":"ImageObject","inLanguage":"fr-FR","@id":"https:\/\/josephmontanaro.com\/fr\/about-joseph\/#primaryimage","url":"https:\/\/josephmontanaro.com\/wp-content\/uploads\/2023\/09\/Joseph_Montanaro_0202-Edit5x7-min-scaled.jpg","contentUrl":"https:\/\/josephmontanaro.com\/wp-content\/uploads\/2023\/09\/Joseph_Montanaro_0202-Edit5x7-min-scaled.jpg","width":1829,"height":2560},{"@type":"BreadcrumbList","@id":"https:\/\/josephmontanaro.com\/fr\/about-joseph\/#breadcrumb","itemListElement":[{"@type":"ListItem","position":1,"name":"Home","item":"https:\/\/josephmontanaro.com\/fr\/"},{"@type":"ListItem","position":2,"name":"\u00c0 PROPOS DE JOSEPH MONTANARO"}]},{"@type":"WebSite","@id":"https:\/\/josephmontanaro.com\/#website","url":"https:\/\/josephmontanaro.com\/","name":"Joseph Montanaro","description":"Courtier Immobilier","publisher":{"@id":"https:\/\/josephmontanaro.com\/#organization"},"potentialAction":[{"@type":"SearchAction","target":{"@type":"EntryPoint","urlTemplate":"https:\/\/josephmontanaro.com\/?s={search_term_string}"},"query-input":{"@type":"PropertyValueSpecification","valueRequired":true,"valueName":"search_term_string"}}],"inLanguage":"fr-FR"},{"@type":"Organization","@id":"https:\/\/josephmontanaro.com\/#organization","name":"Joseph Montanaro","url":"https:\/\/josephmontanaro.com\/","logo":{"@type":"ImageObject","inLanguage":"fr-FR","@id":"https:\/\/josephmontanaro.com\/#\/schema\/logo\/image\/","url":"https:\/\/josephmontanaro.com\/wp-content\/uploads\/2017\/02\/logo-montanaro.png","contentUrl":"https:\/\/josephmontanaro.com\/wp-content\/uploads\/2017\/02\/logo-montanaro.png","width":389,"height":52,"caption":"Joseph Montanaro"},"image":{"@id":"https:\/\/josephmontanaro.com\/#\/schema\/logo\/image\/"},"sameAs":["https:\/\/www.facebook.com\/josephmontanarorealestate\/","https:\/\/www.instagram.com\/joseph.montanaro\/?hl=en","https:\/\/www.linkedin.com\/in\/joseph-montanaro\/","https:\/\/www.youtube.com\/channel\/UCJ4djaYJxZE4O0-qZuZHsuA?view_as=subscriber"]}]}},"_links":{"self":[{"href":"https:\/\/josephmontanaro.com\/fr\/wp-json\/wp\/v2\/pages\/229","targetHints":{"allow":["GET"]}}],"collection":[{"href":"https:\/\/josephmontanaro.com\/fr\/wp-json\/wp\/v2\/pages"}],"about":[{"href":"https:\/\/josephmontanaro.com\/fr\/wp-json\/wp\/v2\/types\/page"}],"author":[{"embeddable":true,"href":"https:\/\/josephmontanaro.com\/fr\/wp-json\/wp\/v2\/users\/1"}],"replies":[{"embeddable":true,"href":"https:\/\/josephmontanaro.com\/fr\/wp-json\/wp\/v2\/comments?post=229"}],"version-history":[{"count":92,"href":"https:\/\/josephmontanaro.com\/fr\/wp-json\/wp\/v2\/pages\/229\/revisions"}],"predecessor-version":[{"id":3218,"href":"https:\/\/josephmontanaro.com\/fr\/wp-json\/wp\/v2\/pages\/229\/revisions\/3218"}],"wp:featuredmedia":[{"embeddable":true,"href":"https:\/\/josephmontanaro.com\/fr\/wp-json\/wp\/v2\/media\/2897"}],"wp:attachment":[{"href":"https:\/\/josephmontanaro.com\/fr\/wp-json\/wp\/v2\/media?parent=229"}],"curies":[{"name":"wp","href":"https:\/\/api.w.org\/{rel}","templated":true}]}}